{"id":1442,"date":"2025-05-02T08:29:23","date_gmt":"2025-05-02T08:29:23","guid":{"rendered":"https:\/\/compas-avocats.com\/?page_id=1442"},"modified":"2025-06-13T07:04:52","modified_gmt":"2025-06-13T07:04:52","slug":"mentions-legales","status":"publish","type":"page","link":"https:\/\/compas-avocats.com\/en\/mentions-legales\/","title":{"rendered":"Legal notices"},"content":{"rendered":"<div data-elementor-type=\"wp-page\" data-elementor-id=\"1442\" class=\"elementor elementor-1442\" data-elementor-post-type=\"page\">\n\t\t\t\t<div class=\"elementor-element elementor-element-f59a974 e-con-full e-flex e-con e-parent\" data-id=\"f59a974\" data-element_type=\"container\" data-e-type=\"container\" data-settings=\"{&quot;background_background&quot;:&quot;classic&quot;}\">\n\t\t\t\t<div class=\"elementor-element elementor-element-27cffcd elementor-widget elementor-widget-heading\" data-id=\"27cffcd\" data-element_type=\"widget\" data-e-type=\"widget\" data-widget_type=\"heading.default\">\n\t\t\t\t\t<h1 class=\"elementor-heading-title elementor-size-default\">Legal notices<\/h1>\t\t\t\t<\/div>\n\t\t\t\t<div class=\"elementor-element elementor-element-1f50c61 elementor-position-inline-start elementor-mobile-position-inline-start elementor-view-default elementor-widget elementor-widget-icon-box\" data-id=\"1f50c61\" data-element_type=\"widget\" data-e-type=\"widget\" data-widget_type=\"icon-box.default\">\n\t\t\t\t\t\t\t<div class=\"elementor-icon-box-wrapper\">\n\n\t\t\t\t\t\t<div class=\"elementor-icon-box-icon\">\n\t\t\t\t<a href=\"https:\/\/compas-avocats.com\/en\/\" class=\"elementor-icon\" tabindex=\"-1\" aria-label=\"Return to home page\">\n\t\t\t\t<svg aria-hidden=\"true\" class=\"e-font-icon-svg e-fas-long-arrow-alt-left\" viewbox=\"0 0 448 512\" xmlns=\"http:\/\/www.w3.org\/2000\/svg\"><path d=\"M134.059 296H436c6.627 0 12-5.373 12-12v-56c0-6.627-5.373-12-12-12H134.059v-46.059c0-21.382-25.851-32.09-40.971-16.971L7.029 239.029c-9.373 9.373-9.373 24.569 0 33.941l86.059 86.059c15.119 15.119 40.971 4.411 40.971-16.971V296z\"><\/path><\/svg>\t\t\t\t<\/a>\n\t\t\t<\/div>\n\t\t\t\n\t\t\t\t\t\t<div class=\"elementor-icon-box-content\">\n\n\t\t\t\t\t\t\t\t\t<div class=\"elementor-icon-box-title\">\n\t\t\t\t\t\t<a href=\"https:\/\/compas-avocats.com\/en\/\" >\n\t\t\t\t\t\t\tReturn to home page\t\t\t\t\t\t<\/a>\n\t\t\t\t\t<\/div>\n\t\t\t\t\n\t\t\t\t\n\t\t\t<\/div>\n\t\t\t\n\t\t<\/div>\n\t\t\t\t\t\t<\/div>\n\t\t\t\t<\/div>\n\t\t<div class=\"elementor-element elementor-element-c401863 e-con-full e-flex e-con e-parent\" data-id=\"c401863\" data-element_type=\"container\" data-e-type=\"container\" data-settings=\"{&quot;background_background&quot;:&quot;classic&quot;}\">\n\t\t<div class=\"elementor-element elementor-element-3937d6e e-con-full e-flex e-con e-child\" data-id=\"3937d6e\" data-element_type=\"container\" data-e-type=\"container\" data-settings=\"{&quot;background_background&quot;:&quot;classic&quot;}\">\n\t\t\t\t<div class=\"elementor-element elementor-element-e350113 elementor-widget elementor-widget-heading\" data-id=\"e350113\" data-element_type=\"widget\" data-e-type=\"widget\" data-widget_type=\"heading.default\">\n\t\t\t\t\t<h2 class=\"elementor-heading-title elementor-size-default\">Preamble<\/h2>\t\t\t\t<\/div>\n\t\t\t\t<div class=\"elementor-element elementor-element-c0b916d elementor-widget elementor-widget-heading\" data-id=\"c0b916d\" data-element_type=\"widget\" data-e-type=\"widget\" data-widget_type=\"heading.default\">\n\t\t\t\t\t<div class=\"elementor-heading-title elementor-size-default\">In accordance with the provisions of Articles 6-III and 19 of Law No. 2004-575 of June 21, 2004 on Confidence in the Digital Economy, known as LCEN, users and visitors, hereinafter the &quot;User&quot;, of the site are hereby informed <a href=\"https:\/\/compas-avocats.com\/\">https:\/\/compas-avocats.com\/<\/a>, hereinafter the \u201cSite\u201d, these legal notices.<\/div>\t\t\t\t<\/div>\n\t\t\t\t<div class=\"elementor-element elementor-element-b383206 elementor-widget elementor-widget-heading\" data-id=\"b383206\" data-element_type=\"widget\" data-e-type=\"widget\" data-widget_type=\"heading.default\">\n\t\t\t\t\t<div class=\"elementor-heading-title elementor-size-default\">Connection and navigation on the Site by the User implies full and unreserved acceptance of these legal notices.<\/div>\t\t\t\t<\/div>\n\t\t\t\t<div class=\"elementor-element elementor-element-f68af3a elementor-widget elementor-widget-heading\" data-id=\"f68af3a\" data-element_type=\"widget\" data-e-type=\"widget\" data-widget_type=\"heading.default\">\n\t\t\t\t\t<div class=\"elementor-heading-title elementor-size-default\">These are accessible on the Site under the \u201cLegal Notices\u201d section.<\/div>\t\t\t\t<\/div>\n\t\t\t\t<div class=\"elementor-element elementor-element-25c533c elementor-widget elementor-widget-heading\" data-id=\"25c533c\" data-element_type=\"widget\" data-e-type=\"widget\" data-widget_type=\"heading.default\">\n\t\t\t\t\t<h2 class=\"elementor-heading-title elementor-size-default\">The Editor<\/h2>\t\t\t\t<\/div>\n\t\t\t\t<div class=\"elementor-element elementor-element-aeffbaf elementor-widget elementor-widget-heading\" data-id=\"aeffbaf\" data-element_type=\"widget\" data-e-type=\"widget\" data-widget_type=\"heading.default\">\n\t\t\t\t\t<div class=\"elementor-heading-title elementor-size-default\">This site, accessible at the address <a href=\"https:\/\/compas-avocats.com\/\">https:\/\/compas-avocats.com\/<\/a> is developed by SAS BimBeau, APE code 46.90Z, under Siret number 88225277800015, whose head office is located at the following address:<\/div>\t\t\t\t<\/div>\n\t\t\t\t<div class=\"elementor-element elementor-element-d57746d elementor-widget elementor-widget-heading\" data-id=\"d57746d\" data-element_type=\"widget\" data-e-type=\"widget\" data-widget_type=\"heading.default\">\n\t\t\t\t\t<div class=\"elementor-heading-title elementor-size-default\">SAS BIMBEAU<\/br>\n19 QUAI RIVE NEUVE<\/br>\n13007 MARSEILLE<\/div>\t\t\t\t<\/div>\n\t\t\t\t<div class=\"elementor-element elementor-element-0a3d340 elementor-widget elementor-widget-heading\" data-id=\"0a3d340\" data-element_type=\"widget\" data-e-type=\"widget\" data-widget_type=\"heading.default\">\n\t\t\t\t\t<div class=\"elementor-heading-title elementor-size-default\">The Publication Director is:<\/div>\t\t\t\t<\/div>\n\t\t\t\t<div class=\"elementor-element elementor-element-d71ff58 elementor-widget elementor-widget-heading\" data-id=\"d71ff58\" data-element_type=\"widget\" data-e-type=\"widget\" data-widget_type=\"heading.default\">\n\t\t\t\t\t<div class=\"elementor-heading-title elementor-size-default\">COMPASS LAWYERS<\/br>\n9 PLACE F\u00c9LIX BARET<\/br>\n13006 MARSEILLE<\/div>\t\t\t\t<\/div>\n\t\t\t\t<div class=\"elementor-element elementor-element-ca3926b elementor-widget elementor-widget-heading\" data-id=\"ca3926b\" data-element_type=\"widget\" data-e-type=\"widget\" data-widget_type=\"heading.default\">\n\t\t\t\t\t<h2 class=\"elementor-heading-title elementor-size-default\">The Host<\/h2>\t\t\t\t<\/div>\n\t\t\t\t<div class=\"elementor-element elementor-element-72fd550 elementor-widget elementor-widget-heading\" data-id=\"72fd550\" data-element_type=\"widget\" data-e-type=\"widget\" data-widget_type=\"heading.default\">\n\t\t\t\t\t<div class=\"elementor-heading-title elementor-size-default\">This site is hosted by HOSTINGER, whose registered office is located at 61 Lordou Vironos Street, 6023 Larnaca, Cyprus, which can be reached by the following means: <a href=\"https:\/\/www.hostinger.fr\/contact\">https:\/\/www.hostinger.fr\/contact<\/a>.<\/div>\t\t\t\t<\/div>\n\t\t\t\t<div class=\"elementor-element elementor-element-4dc5b37 elementor-widget elementor-widget-heading\" data-id=\"4dc5b37\" data-element_type=\"widget\" data-e-type=\"widget\" data-widget_type=\"heading.default\">\n\t\t\t\t\t<h2 class=\"elementor-heading-title elementor-size-default\">Access to the site<\/h2>\t\t\t\t<\/div>\n\t\t\t\t<div class=\"elementor-element elementor-element-f2f5503 elementor-widget elementor-widget-heading\" data-id=\"f2f5503\" data-element_type=\"widget\" data-e-type=\"widget\" data-widget_type=\"heading.default\">\n\t\t\t\t\t<div class=\"elementor-heading-title elementor-size-default\">The Site is accessible anywhere, 7 days a week, 24 hours a day, except in cases of force majeure, scheduled or unscheduled interruptions and which may result from a need for maintenance.<\/div>\t\t\t\t<\/div>\n\t\t\t\t<div class=\"elementor-element elementor-element-399b4d6 elementor-widget elementor-widget-heading\" data-id=\"399b4d6\" data-element_type=\"widget\" data-e-type=\"widget\" data-widget_type=\"heading.default\">\n\t\t\t\t\t<div class=\"elementor-heading-title elementor-size-default\">In the event of modification, interruption or suspension of the Site, the Publisher cannot be held responsible.<\/div>\t\t\t\t<\/div>\n\t\t\t\t<div class=\"elementor-element elementor-element-3d8c7e5 elementor-widget elementor-widget-heading\" data-id=\"3d8c7e5\" data-element_type=\"widget\" data-e-type=\"widget\" data-widget_type=\"heading.default\">\n\t\t\t\t\t<h2 class=\"elementor-heading-title elementor-size-default\">System requirements<\/h2>\t\t\t\t<\/div>\n\t\t\t\t<div class=\"elementor-element elementor-element-4e46758 elementor-widget elementor-widget-heading\" data-id=\"4e46758\" data-element_type=\"widget\" data-e-type=\"widget\" data-widget_type=\"heading.default\">\n\t\t\t\t\t<div class=\"elementor-heading-title elementor-size-default\">The site has been developed for optimal operation on web standards-compliant browsers such as Chrome, Firefox, Safari, Opera and for Internet Explorer higher than 8. For any technical questions regarding the site, please send an e-mail to the webmaster at the following address: <a href=\"mailto:contact@compas-avocats.com\">contact@compas-avocats.com<\/a>.<\/div>\t\t\t\t<\/div>\n\t\t\t\t<\/div>\n\t\t\t\t<\/div>\n\t\t\t\t<\/div>","protected":false},"excerpt":{"rendered":"<p>Mentions l\u00e9gales Revenir \u00e0 l&rsquo;accueil Pr\u00e9ambule Conform\u00e9ment aux dispositions des Articles 6-III et 19 de la Loi n\u00b02004-575 du 21 juin 2004 pour la Confiance dans l\u2019\u00e9conomie num\u00e9rique, dite L.C.E.N., il est port\u00e9 \u00e0 la connaissance des utilisateurs et visiteurs, ci-apr\u00e8s l\u2019\u00abUtilisateur\u00bb, du site https:\/\/compas-avocats.com\/, ci-apr\u00e8s le \u00abSite\u00bb, les pr\u00e9sentes mentions l\u00e9gales. La connexion et [&hellip;]<\/p>\n","protected":false},"author":3,"featured_media":0,"parent":0,"menu_order":0,"comment_status":"closed","ping_status":"closed","template":"","meta":{"_acf_changed":false,"footnotes":""},"class_list":["post-1442","page","type-page","status-publish","hentry"],"acf":[],"_links":{"self":[{"href":"https:\/\/compas-avocats.com\/en\/wp-json\/wp\/v2\/pages\/1442","targetHints":{"allow":["GET"]}}],"collection":[{"href":"https:\/\/compas-avocats.com\/en\/wp-json\/wp\/v2\/pages"}],"about":[{"href":"https:\/\/compas-avocats.com\/en\/wp-json\/wp\/v2\/types\/page"}],"author":[{"embeddable":true,"href":"https:\/\/compas-avocats.com\/en\/wp-json\/wp\/v2\/users\/3"}],"replies":[{"embeddable":true,"href":"https:\/\/compas-avocats.com\/en\/wp-json\/wp\/v2\/comments?post=1442"}],"version-history":[{"count":14,"href":"https:\/\/compas-avocats.com\/en\/wp-json\/wp\/v2\/pages\/1442\/revisions"}],"predecessor-version":[{"id":2128,"href":"https:\/\/compas-avocats.com\/en\/wp-json\/wp\/v2\/pages\/1442\/revisions\/2128"}],"wp:attachment":[{"href":"https:\/\/compas-avocats.com\/en\/wp-json\/wp\/v2\/media?parent=1442"}],"curies":[{"name":"wp","href":"https:\/\/api.w.org\/{rel}","templated":true}]}}