{"id":88,"date":"2025-03-12T14:14:42","date_gmt":"2025-03-12T14:14:42","guid":{"rendered":"https:\/\/compas-avocats.com\/?page_id=88"},"modified":"2025-11-17T09:24:06","modified_gmt":"2025-11-17T09:24:06","slug":"nous-contacter","status":"publish","type":"page","link":"https:\/\/compas-avocats.com\/en\/nous-contacter\/","title":{"rendered":"Contact Us"},"content":{"rendered":"\t\t<div data-elementor-type=\"wp-page\" data-elementor-id=\"88\" class=\"elementor elementor-88\" data-elementor-post-type=\"page\">\n\t\t\t\t<div class=\"elementor-element elementor-element-8d3faa0 e-con-full e-flex e-con e-parent\" data-id=\"8d3faa0\" data-element_type=\"container\" data-e-type=\"container\" data-settings=\"{&quot;background_background&quot;:&quot;classic&quot;}\">\n\t\t\t\t<div class=\"elementor-element elementor-element-fb0be8d elementor-widget elementor-widget-heading\" data-id=\"fb0be8d\" data-element_type=\"widget\" data-e-type=\"widget\" data-widget_type=\"heading.default\">\n\t\t\t\t\t<h1 class=\"elementor-heading-title elementor-size-default\">Nous contacter<\/h1>\t\t\t\t<\/div>\n\t\t\t\t<\/div>\n\t\t<div class=\"elementor-element elementor-element-002b6e8 e-flex e-con-boxed e-con e-parent\" data-id=\"002b6e8\" data-element_type=\"container\" data-e-type=\"container\">\n\t\t\t\t\t<div class=\"e-con-inner\">\n\t\t<div class=\"elementor-element elementor-element-12460f9 e-con-full e-flex e-con e-child\" data-id=\"12460f9\" data-element_type=\"container\" data-e-type=\"container\">\n\t\t\t\t<div class=\"elementor-element elementor-element-653961e elementor-widget elementor-widget-heading\" data-id=\"653961e\" data-element_type=\"widget\" data-e-type=\"widget\" data-widget_type=\"heading.default\">\n\t\t\t\t\t<h2 class=\"elementor-heading-title elementor-size-default\"><span class=\"highlighted\">N<\/span>ous sommes \u00e0 votre disposition pour \u00e9changer sur vos besoins.<\/h2>\t\t\t\t<\/div>\n\t\t\t\t<div class=\"elementor-element elementor-element-c19b998 elementor-widget elementor-widget-heading\" data-id=\"c19b998\" data-element_type=\"widget\" data-e-type=\"widget\" data-widget_type=\"heading.default\">\n\t\t\t\t\t<div class=\"elementor-heading-title elementor-size-default\">Que ce soit pour prendre un premier contact, exposer votre situation, demander un devis ou poser une question juridique, <b>notre \u00e9quipe d\u2019avocats sp\u00e9cialis\u00e9s est \u00e0 votre \u00e9coute.<\/b><\/div>\t\t\t\t<\/div>\n\t\t<div class=\"elementor-element elementor-element-eb03a98 e-con-full e-flex e-con e-child\" data-id=\"eb03a98\" data-element_type=\"container\" data-e-type=\"container\">\n\t\t<div class=\"elementor-element elementor-element-26ca2c0 e-con-full e-flex e-con e-child\" data-id=\"26ca2c0\" data-element_type=\"container\" data-e-type=\"container\">\n\t\t<div class=\"elementor-element elementor-element-ef8fa53 e-con-full e-flex e-con e-child\" data-id=\"ef8fa53\" data-element_type=\"container\" data-e-type=\"container\">\n\t\t\t\t<div class=\"elementor-element elementor-element-ef7d1e5 elementor-hidden-mobile elementor-view-default elementor-widget elementor-widget-icon\" data-id=\"ef7d1e5\" data-element_type=\"widget\" data-e-type=\"widget\" data-widget_type=\"icon.default\">\n\t\t\t\t\t\t\t<div class=\"elementor-icon-wrapper\">\n\t\t\t<div class=\"elementor-icon\">\n\t\t\t<svg xmlns=\"http:\/\/www.w3.org\/2000\/svg\" id=\"Calque_1\" data-name=\"Calque 1\" viewBox=\"0 0 49.1 3\"><path d=\"M0,0h49.1v3H0V0Z\" style=\"fill: #ed694d; fill-rule: evenodd;\"><\/path><\/svg>\t\t\t<\/div>\n\t\t<\/div>\n\t\t\t\t\t\t<\/div>\n\t\t\t\t<div class=\"elementor-element elementor-element-e9fdd34 elementor-widget elementor-widget-heading\" data-id=\"e9fdd34\" data-element_type=\"widget\" data-e-type=\"widget\" data-widget_type=\"heading.default\">\n\t\t\t\t\t<h3 class=\"elementor-heading-title elementor-size-default\">Adresse<\/h3>\t\t\t\t<\/div>\n\t\t\t\t<\/div>\n\t\t\t\t<div class=\"elementor-element elementor-element-fba0d95 elementor-widget elementor-widget-heading\" data-id=\"fba0d95\" data-element_type=\"widget\" data-e-type=\"widget\" data-widget_type=\"heading.default\">\n\t\t\t\t\t<div class=\"elementor-heading-title elementor-size-default\">Compas Avocats<br>\n9 place F\u00e9lix Baret, <br>\n13006 Marseille<\/div>\t\t\t\t<\/div>\n\t\t\t\t<\/div>\n\t\t<div class=\"elementor-element elementor-element-a1567f6 e-con-full e-flex e-con e-child\" data-id=\"a1567f6\" data-element_type=\"container\" data-e-type=\"container\">\n\t\t<div class=\"elementor-element elementor-element-953ace7 e-con-full e-flex e-con e-child\" data-id=\"953ace7\" data-element_type=\"container\" data-e-type=\"container\">\n\t\t\t\t<div class=\"elementor-element elementor-element-7635c28 elementor-hidden-mobile elementor-view-default elementor-widget elementor-widget-icon\" data-id=\"7635c28\" data-element_type=\"widget\" data-e-type=\"widget\" data-widget_type=\"icon.default\">\n\t\t\t\t\t\t\t<div class=\"elementor-icon-wrapper\">\n\t\t\t<div class=\"elementor-icon\">\n\t\t\t<svg xmlns=\"http:\/\/www.w3.org\/2000\/svg\" id=\"Calque_1\" data-name=\"Calque 1\" viewBox=\"0 0 49.1 3\"><path d=\"M0,0h49.1v3H0V0Z\" style=\"fill: #ed694d; fill-rule: evenodd;\"><\/path><\/svg>\t\t\t<\/div>\n\t\t<\/div>\n\t\t\t\t\t\t<\/div>\n\t\t\t\t<div class=\"elementor-element elementor-element-ffe3023 elementor-widget elementor-widget-heading\" data-id=\"ffe3023\" data-element_type=\"widget\" data-e-type=\"widget\" data-widget_type=\"heading.default\">\n\t\t\t\t\t<h3 class=\"elementor-heading-title elementor-size-default\">Contact<\/h3>\t\t\t\t<\/div>\n\t\t\t\t<\/div>\n\t\t\t\t<div class=\"elementor-element elementor-element-cd4a288 elementor-widget elementor-widget-heading\" data-id=\"cd4a288\" data-element_type=\"widget\" data-e-type=\"widget\" data-widget_type=\"heading.default\">\n\t\t\t\t\t<div class=\"elementor-heading-title elementor-size-default\">T\u00e9l. 04 12 04 67 50<br><a href=\"mailto:contact@compas-avocats.com\">contact@compas-avocats.com<\/a><\/div>\t\t\t\t<\/div>\n\t\t\t\t<\/div>\n\t\t\t\t<\/div>\n\t\t\t\t<\/div>\n\t\t<div class=\"elementor-element elementor-element-eb33406 e-con-full e-flex e-con e-child\" data-id=\"eb33406\" data-element_type=\"container\" data-e-type=\"container\" data-settings=\"{&quot;background_background&quot;:&quot;classic&quot;}\">\n\t\t\t\t<div class=\"elementor-element elementor-element-8d794af elementor-button-align-center elementor-widget elementor-widget-form\" data-id=\"8d794af\" data-element_type=\"widget\" data-e-type=\"widget\" data-settings=\"{&quot;step_next_label&quot;:&quot;Suivant&quot;,&quot;step_previous_label&quot;:&quot;Pr\\u00e9c\\u00e9dent&quot;,&quot;step_type&quot;:&quot;number_text&quot;,&quot;step_icon_shape&quot;:&quot;circle&quot;}\" data-widget_type=\"form.default\">\n\t\t\t\t\t\t\t<form class=\"elementor-form\" method=\"post\" name=\"Nouveau formulaire\" aria-label=\"Nouveau formulaire\">\n\t\t\t<input type=\"hidden\" name=\"post_id\" value=\"88\"\/>\n\t\t\t<input type=\"hidden\" name=\"form_id\" value=\"8d794af\"\/>\n\t\t\t<input type=\"hidden\" name=\"referer_title\" value=\"\" \/>\n\n\t\t\t\n\t\t\t<div class=\"elementor-form-fields-wrapper elementor-labels-above\">\n\t\t\t\t\t\t\t\t<div class=\"elementor-field-type-select elementor-field-group elementor-column elementor-field-group-field_e1d39eb elementor-col-100 elementor-field-required elementor-mark-required\">\n\t\t\t\t\t\t\t\t\t\t\t\t<label for=\"form-field-field_e1d39eb\" class=\"elementor-field-label\">\n\t\t\t\t\t\t\t\tVotre demande concerne\t\t\t\t\t\t\t<\/label>\n\t\t\t\t\t\t\t\t<div class=\"elementor-field elementor-select-wrapper remove-before \">\n\t\t\t<div class=\"select-caret-down-wrapper\">\n\t\t\t\t<svg aria-hidden=\"true\" class=\"e-font-icon-svg e-eicon-caret-down\" viewBox=\"0 0 571.4 571.4\" xmlns=\"http:\/\/www.w3.org\/2000\/svg\"><path d=\"M571 393Q571 407 561 418L311 668Q300 679 286 679T261 668L11 418Q0 407 0 393T11 368 36 357H536Q550 357 561 368T571 393Z\"><\/path><\/svg>\t\t\t<\/div>\n\t\t\t<select name=\"form_fields[field_e1d39eb]\" id=\"form-field-field_e1d39eb\" class=\"elementor-field-textual elementor-size-xs\" required=\"required\">\n\t\t\t\t\t\t\t\t\t<option value=\"- - S\u00e9lectionner le type de demande - -\">- - S\u00e9lectionner le type de demande - -<\/option>\n\t\t\t\t\t\t\t\t\t<option value=\"Droit immobilier\">Droit immobilier<\/option>\n\t\t\t\t\t\t\t\t\t<option value=\"Droit de la construction\">Droit de la construction<\/option>\n\t\t\t\t\t\t\t\t\t<option value=\"Urbanisme\">Urbanisme<\/option>\n\t\t\t\t\t\t\t\t\t<option value=\"Droit de l\u2019environnement\">Droit de l\u2019environnement<\/option>\n\t\t\t\t\t\t\t\t\t<option value=\"Droit des collectivit\u00e9s territoriales\">Droit des collectivit\u00e9s territoriales<\/option>\n\t\t\t\t\t\t\t\t\t<option value=\"Contentieux (administratif ou judiciaire)\">Contentieux (administratif ou judiciaire)<\/option>\n\t\t\t\t\t\t\t\t\t<option value=\"Prendre un rendez-vous \/ premi\u00e8re consultation\">Prendre un rendez-vous \/ premi\u00e8re consultation<\/option>\n\t\t\t\t\t\t\t\t\t<option value=\"Autre demande ou question juridique\">Autre demande ou question juridique<\/option>\n\t\t\t\t\t\t\t<\/select>\n\t\t<\/div>\n\t\t\t\t\t\t<\/div>\n\t\t\t\t\t\t\t\t<div class=\"elementor-field-type-text elementor-field-group elementor-column elementor-field-group-field_fc14ace elementor-col-50 elementor-field-required elementor-mark-required\">\n\t\t\t\t\t\t\t\t\t\t\t\t<label for=\"form-field-field_fc14ace\" class=\"elementor-field-label\">\n\t\t\t\t\t\t\t\tPr\u00e9nom\t\t\t\t\t\t\t<\/label>\n\t\t\t\t\t\t\t\t\t\t\t\t\t\t<input size=\"1\" type=\"text\" name=\"form_fields[field_fc14ace]\" id=\"form-field-field_fc14ace\" class=\"elementor-field elementor-size-xs  elementor-field-textual\" required=\"required\">\n\t\t\t\t\t\t\t\t\t\t\t<\/div>\n\t\t\t\t\t\t\t\t<div class=\"elementor-field-type-text elementor-field-group elementor-column elementor-field-group-name elementor-col-50 elementor-field-required elementor-mark-required\">\n\t\t\t\t\t\t\t\t\t\t\t\t<label for=\"form-field-name\" class=\"elementor-field-label\">\n\t\t\t\t\t\t\t\tNom\t\t\t\t\t\t\t<\/label>\n\t\t\t\t\t\t\t\t\t\t\t\t\t\t<input size=\"1\" type=\"text\" name=\"form_fields[name]\" id=\"form-field-name\" class=\"elementor-field elementor-size-xs  elementor-field-textual\" required=\"required\">\n\t\t\t\t\t\t\t\t\t\t\t<\/div>\n\t\t\t\t\t\t\t\t<div class=\"elementor-field-type-text elementor-field-group elementor-column elementor-field-group-field_e5f4ed8 elementor-col-50 elementor-field-required elementor-mark-required\">\n\t\t\t\t\t\t\t\t\t\t\t\t<label for=\"form-field-field_e5f4ed8\" class=\"elementor-field-label\">\n\t\t\t\t\t\t\t\tT\u00e9l\u00e9phone\t\t\t\t\t\t\t<\/label>\n\t\t\t\t\t\t\t\t\t\t\t\t\t\t<input size=\"1\" type=\"text\" name=\"form_fields[field_e5f4ed8]\" id=\"form-field-field_e5f4ed8\" class=\"elementor-field elementor-size-xs  elementor-field-textual\" required=\"required\">\n\t\t\t\t\t\t\t\t\t\t\t<\/div>\n\t\t\t\t\t\t\t\t<div class=\"elementor-field-type-email elementor-field-group elementor-column elementor-field-group-email elementor-col-50 elementor-field-required elementor-mark-required\">\n\t\t\t\t\t\t\t\t\t\t\t\t<label for=\"form-field-email\" class=\"elementor-field-label\">\n\t\t\t\t\t\t\t\tEmail\t\t\t\t\t\t\t<\/label>\n\t\t\t\t\t\t\t\t\t\t\t\t\t\t<input size=\"1\" type=\"email\" name=\"form_fields[email]\" id=\"form-field-email\" class=\"elementor-field elementor-size-xs  elementor-field-textual\" required=\"required\">\n\t\t\t\t\t\t\t\t\t\t\t<\/div>\n\t\t\t\t\t\t\t\t<div class=\"elementor-field-type-textarea elementor-field-group elementor-column elementor-field-group-message elementor-col-100 elementor-field-required elementor-mark-required\">\n\t\t\t\t\t\t\t\t\t\t\t\t<label for=\"form-field-message\" class=\"elementor-field-label\">\n\t\t\t\t\t\t\t\tMessage\t\t\t\t\t\t\t<\/label>\n\t\t\t\t\t\t<textarea class=\"elementor-field-textual elementor-field  elementor-size-xs\" name=\"form_fields[message]\" id=\"form-field-message\" rows=\"6\" placeholder=\"Merci de pr\u00e9ciser votre demande\" required=\"required\"><\/textarea>\t\t\t\t<\/div>\n\t\t\t\t\t\t\t\t<div class=\"elementor-field-type-recaptcha_v3 elementor-field-group elementor-column elementor-field-group-field_c2082b8 elementor-col-100 recaptcha_v3-bottomright\">\n\t\t\t\t\t<div class=\"elementor-field\" id=\"form-field-field_c2082b8\"><div class=\"elementor-g-recaptcha\" data-sitekey=\"6LdI6V0rAAAAACqVZmcX4ZB4PtPU-VWdpPNr9B41\" data-type=\"v3\" data-action=\"Form\" data-badge=\"bottomright\" data-size=\"invisible\"><\/div><\/div>\t\t\t\t<\/div>\n\t\t\t\t\t\t\t\t<div class=\"elementor-field-group elementor-column elementor-field-type-submit elementor-col-100 e-form__buttons\">\n\t\t\t\t\t<button class=\"elementor-button elementor-size-sm\" type=\"submit\">\n\t\t\t\t\t\t<span class=\"elementor-button-content-wrapper\">\n\t\t\t\t\t\t\t\t\t\t\t\t\t\t\t<span class=\"elementor-button-icon\">\n\t\t\t\t\t\t\t\t\t<svg xmlns=\"http:\/\/www.w3.org\/2000\/svg\" id=\"Calque_1\" data-name=\"Calque 1\" viewBox=\"0 0 18 18\"><path d=\"M9,1c4.42,0,8,3.58,8,8s-3.58,8-8,8S1,13.42,1,9,4.58,1,9,1Z\" style=\"fill: none; fill-rule: evenodd; stroke: #ed694d; stroke-width: 2px;\"><\/path><\/svg>\t\t\t\t\t\t\t\t\t\t\t\t\t\t\t\t\t<\/span>\n\t\t\t\t\t\t\t\t\t\t\t\t\t\t\t\t\t\t\t\t\t\t<span class=\"elementor-button-text\">Envoyer<\/span>\n\t\t\t\t\t\t\t\t\t\t\t\t\t<\/span>\n\t\t\t\t\t<\/button>\n\t\t\t\t<\/div>\n\t\t\t<\/div>\n\t\t<\/form>\n\t\t\t\t\t\t<\/div>\n\t\t\t\t<\/div>\n\t\t\t\t\t<\/div>\n\t\t\t\t<\/div>\n\t\t<div class=\"elementor-element elementor-element-0582e51 e-con-full e-flex e-con e-parent\" data-id=\"0582e51\" data-element_type=\"container\" data-e-type=\"container\">\n\t\t\t\t<div class=\"elementor-element elementor-element-a1aba8b elementor-widget elementor-widget-shortcode\" data-id=\"a1aba8b\" data-element_type=\"widget\" data-e-type=\"widget\" data-widget_type=\"shortcode.default\">\n\t\t\t\t\t\t\t<div class=\"elementor-shortcode\">  <div id=\"mapbox_69fca11e4e3ac\" style=\"width: 100%; height: 400px;\"><\/div>\n  <script>\n      document.addEventListener('DOMContentLoaded', function() {\n          \/\/ Initialisation de Mapbox\n          mapboxgl.accessToken = 'pk.eyJ1Ijoic2xhYWFwZXIiLCJhIjoiY2xleHl0ZXpxMGlqcDN3cDQzNjdrMDl6dCJ9.qUXLwBOrNtNvLyLZZLfK2A';\n\n          const map = new mapboxgl.Map({\n              container: 'mapbox_69fca11e4e3ac',\n              style: 'mapbox:\/\/styles\/slaaaper\/cm611ay90006601qsa0uu5g1f',\n              center: [5.380040726764579, 43.29129321737916],\n              zoom: 12, \/\/ Niveau de zoom initial d\u00e9fini par l'utilisateur\n              scrollZoom: false, \/\/ Activation\/d\u00e9sactivation du zoom \u00e0 la roulette\n              dragPan: false\n          });\n\n          \/\/ Ajout d'un marqueur personnalis\u00e9\n          const marker = new mapboxgl.Marker({\n              element: createCustomMarker('https:\/\/compas-avocats.com\/wp-content\/uploads\/2025\/04\/favicon-compasavocats-rounded.svg'),\n              anchor: 'bottom'\n          })\n          .setLngLat([5.380040726764579, 43.29129321737916])\n          .addTo(map);\n\n          \/\/ Fonction pour cr\u00e9er un marqueur personnalis\u00e9\n          function createCustomMarker(markerUrl) {\n              const markerElement = document.createElement('div');\n              markerElement.style.backgroundImage = `url(${markerUrl})`;\n              markerElement.style.width = '40px'; \/\/ Largeur du marqueur\n              markerElement.style.height = '40px'; \/\/ Hauteur du marqueur\n              markerElement.style.backgroundSize = 'contain'; \/\/ Ajuste l'image pour contenir enti\u00e8rement le marqueur\n              markerElement.style.backgroundRepeat = 'no-repeat'; \/\/ Emp\u00eache la r\u00e9p\u00e9tition de l'image\n              return markerElement;\n          }\n      });\n  <\/script>\n  <\/div>\n\t\t\t\t\t\t<\/div>\n\t\t\t\t<\/div>\n\t\t\t\t<\/div>\n\t\t","protected":false},"excerpt":{"rendered":"<p>Contact Us We are available to discuss your needs. Whether you wish to make initial contact, explain your situation, request a quote, or ask a legal question, our team of specialized lawyers is ready to assist you. Address Compas Avocats 9 place F\u00e9lix Baret, 13006 Marseille Contact Tel. +33 4 12 04 67 50 contact@compas-avocats.com<\/p>","protected":false},"author":1,"featured_media":0,"parent":0,"menu_order":0,"comment_status":"closed","ping_status":"closed","template":"","meta":{"_acf_changed":false,"footnotes":""},"class_list":["post-88","page","type-page","status-publish","hentry"],"acf":[],"_links":{"self":[{"href":"https:\/\/compas-avocats.com\/en\/wp-json\/wp\/v2\/pages\/88","targetHints":{"allow":["GET"]}}],"collection":[{"href":"https:\/\/compas-avocats.com\/en\/wp-json\/wp\/v2\/pages"}],"about":[{"href":"https:\/\/compas-avocats.com\/en\/wp-json\/wp\/v2\/types\/page"}],"author":[{"embeddable":true,"href":"https:\/\/compas-avocats.com\/en\/wp-json\/wp\/v2\/users\/1"}],"replies":[{"embeddable":true,"href":"https:\/\/compas-avocats.com\/en\/wp-json\/wp\/v2\/comments?post=88"}],"version-history":[{"count":203,"href":"https:\/\/compas-avocats.com\/en\/wp-json\/wp\/v2\/pages\/88\/revisions"}],"predecessor-version":[{"id":2268,"href":"https:\/\/compas-avocats.com\/en\/wp-json\/wp\/v2\/pages\/88\/revisions\/2268"}],"wp:attachment":[{"href":"https:\/\/compas-avocats.com\/en\/wp-json\/wp\/v2\/media?parent=88"}],"curies":[{"name":"wp","href":"https:\/\/api.w.org\/{rel}","templated":true}]}}